{"id":78,"date":"2026-03-03T22:40:44","date_gmt":"2026-03-03T22:40:44","guid":{"rendered":"https:\/\/irmapchile.com\/index.php\/inicio-copy\/"},"modified":"2026-03-09T15:21:17","modified_gmt":"2026-03-09T15:21:17","slug":"quienes-somos","status":"publish","type":"page","link":"https:\/\/irmapchile.com\/index.php\/quienes-somos\/","title":{"rendered":"Quienes somos?"},"content":{"rendered":"<p><\/p>\n\n<!--themify_builder_content-->\n<div id=\"themify_builder_content-78\" data-postid=\"78\" class=\"themify_builder_content themify_builder_content-78 themify_builder tf_clear\">\n                    <div  data-parallax-bg=\"desktop\" data-lazy=\"1\" class=\"module_row themify_builder_row tb_jyn6060 tb_first tf_w\">\n                        <div class=\"row_inner col_align_top tb_col_count_1 tf_box tf_rel\">\n                        <div  data-lazy=\"1\" class=\"module_column tb-column col-full tb_zwas001 first\">\n                    <!-- module fancy heading -->\n<div  class=\"module module-fancy-heading tb_mpoc248 \" data-lazy=\"1\">\n        <h1 class=\"fancy-heading\">\n    <span class=\"main-head tf_block\">\n                    \u00bfQui\u00e9nes somos?            <\/span>\n\n    \n    <span class=\"sub-head tf_block tf_rel\">\n                                <\/span>\n    <\/h1>\n<\/div>\n<!-- \/module fancy heading -->\n<!-- module text -->\n<div  class=\"module module-text tb_h0wr699   \" data-lazy=\"1\">\n        <div  class=\"tb_text_wrap\">\n        <p style=\"font-weight: 400;\">IRMAP Chile SpA es una compa\u00f1\u00eda independiente que se forma para atender necesidades de nuestros clientes establecidos en Chile, con materiales y servicios de nuestras l\u00edneas de representaciones.<\/p>\n<p style=\"font-weight: 400;\">Nuestras principales representaciones son empresas de primer nivel mundial relacionadas con suministros y servicios dirigidos a \u00e1reas de la industria del petr\u00f3leo, gas, miner\u00eda, papel, alimentos, entre otras.<\/p>\n<p style=\"font-weight: 400;\">Estas l\u00edneas de representaci\u00f3n est\u00e1n disponibles a trav\u00e9s de nuestras divisiones; Procesos y Ca\u00f1er\u00edas.<\/p>    <\/div>\n<\/div>\n<!-- \/module text --><!-- module image -->\n<div  class=\"module module-image tb_vbvo430 image-top   tf_mw\" data-lazy=\"1\">\n        <div class=\"image-wrap tf_rel tf_mw\">\n            <img loading=\"lazy\" decoding=\"async\" width=\"1380\" height=\"752\" src=\"https:\/\/irmapchile.com\/wp-content\/uploads\/2026\/03\/WhatsApp-Image-2026-03-09-at-11.54.15.jpeg\" class=\"wp-post-image wp-image-182\" title=\"WhatsApp Image 2026-03-09 at 11.54.15\" alt=\"WhatsApp Image 2026-03-09 at 11.54.15\" srcset=\"https:\/\/irmapchile.com\/wp-content\/uploads\/2026\/03\/WhatsApp-Image-2026-03-09-at-11.54.15.jpeg 1380w, https:\/\/irmapchile.com\/wp-content\/uploads\/2026\/03\/WhatsApp-Image-2026-03-09-at-11.54.15-300x163.jpeg 300w, https:\/\/irmapchile.com\/wp-content\/uploads\/2026\/03\/WhatsApp-Image-2026-03-09-at-11.54.15-1024x558.jpeg 1024w, https:\/\/irmapchile.com\/wp-content\/uploads\/2026\/03\/WhatsApp-Image-2026-03-09-at-11.54.15-768x419.jpeg 768w\" sizes=\"auto, (max-width: 1380px) 100vw, 1380px\" \/>    \n        <\/div>\n    <!-- \/image-wrap -->\n    \n        <\/div>\n<!-- \/module image -->        <\/div>\n                        <\/div>\n        <\/div>\n                        <div  data-lazy=\"1\" class=\"module_row themify_builder_row tb_gj54020 tf_w\">\n                        <div class=\"row_inner col_align_top tb_col_count_1 tf_box tf_rel\">\n                        <div  data-lazy=\"1\" class=\"module_column tb-column col-full tb_mcpo160 first\">\n                            <\/div>\n                        <\/div>\n        <\/div>\n        <\/div>\n<!--\/themify_builder_content-->","protected":false},"excerpt":{"rendered":"","protected":false},"author":1,"featured_media":0,"parent":0,"menu_order":0,"comment_status":"closed","ping_status":"open","template":"","meta":{"_joinchat":[],"footnotes":""},"class_list":["post-78","page","type-page","status-publish","hentry","has-post-title","has-post-date","has-post-category","has-post-tag","has-post-comment","has-post-author",""],"_hostinger_reach_plugin_has_subscription_block":false,"_hostinger_reach_plugin_is_elementor":false,"builder_content":"<h1>\u00bfQui\u00e9nes somos?<br\/><\/h1>\n<p style=\"font-weight: 400;\">IRMAP Chile SpA es una compa\u00f1\u00eda independiente que se forma para atender necesidades de nuestros clientes establecidos en Chile, con materiales y servicios de nuestras l\u00edneas de representaciones.<\/p> <p style=\"font-weight: 400;\">Nuestras principales representaciones son empresas de primer nivel mundial relacionadas con suministros y servicios dirigidos a \u00e1reas de la industria del petr\u00f3leo, gas, miner\u00eda, papel, alimentos, entre otras.<\/p> <p style=\"font-weight: 400;\">Estas l\u00edneas de representaci\u00f3n est\u00e1n disponibles a trav\u00e9s de nuestras divisiones; Procesos y Ca\u00f1er\u00edas.<\/p>\n<img src=\"https:\/\/irmapchile.com\/wp-content\/uploads\/2026\/03\/WhatsApp-Image-2026-03-09-at-11.54.15.jpeg\" title=\"WhatsApp Image 2026-03-09 at 11.54.15\" alt=\"WhatsApp Image 2026-03-09 at 11.54.15\" srcset=\"https:\/\/irmapchile.com\/wp-content\/uploads\/2026\/03\/WhatsApp-Image-2026-03-09-at-11.54.15.jpeg 1380w, https:\/\/irmapchile.com\/wp-content\/uploads\/2026\/03\/WhatsApp-Image-2026-03-09-at-11.54.15-300x163.jpeg 300w, https:\/\/irmapchile.com\/wp-content\/uploads\/2026\/03\/WhatsApp-Image-2026-03-09-at-11.54.15-1024x558.jpeg 1024w, https:\/\/irmapchile.com\/wp-content\/uploads\/2026\/03\/WhatsApp-Image-2026-03-09-at-11.54.15-768x419.jpeg 768w\" sizes=\"(max-width: 1380px) 100vw, 1380px\" \/>","_links":{"self":[{"href":"https:\/\/irmapchile.com\/index.php\/wp-json\/wp\/v2\/pages\/78","targetHints":{"allow":["GET"]}}],"collection":[{"href":"https:\/\/irmapchile.com\/index.php\/wp-json\/wp\/v2\/pages"}],"about":[{"href":"https:\/\/irmapchile.com\/index.php\/wp-json\/wp\/v2\/types\/page"}],"author":[{"embeddable":true,"href":"https:\/\/irmapchile.com\/index.php\/wp-json\/wp\/v2\/users\/1"}],"replies":[{"embeddable":true,"href":"https:\/\/irmapchile.com\/index.php\/wp-json\/wp\/v2\/comments?post=78"}],"version-history":[{"count":17,"href":"https:\/\/irmapchile.com\/index.php\/wp-json\/wp\/v2\/pages\/78\/revisions"}],"predecessor-version":[{"id":185,"href":"https:\/\/irmapchile.com\/index.php\/wp-json\/wp\/v2\/pages\/78\/revisions\/185"}],"wp:attachment":[{"href":"https:\/\/irmapchile.com\/index.php\/wp-json\/wp\/v2\/media?parent=78"}],"curies":[{"name":"wp","href":"https:\/\/api.w.org\/{rel}","templated":true}]}}